{"id":37,"date":"2025-11-30T11:25:09","date_gmt":"2025-11-30T11:25:09","guid":{"rendered":"https:\/\/lccampingcar.fr\/?page_id=37"},"modified":"2025-12-01T17:04:26","modified_gmt":"2025-12-01T17:04:26","slug":"hebergement","status":"publish","type":"page","link":"https:\/\/lccampingcar.fr\/index.php\/sample-page\/hebergement\/","title":{"rendered":"H\u00e9bergement"},"content":{"rendered":"\n<h1 class=\"wp-block-heading has-text-align-center\"><strong>Votre h\u00e9bergement<\/strong><\/h1>\n\n\n\n<ul class=\"wp-block-list\">\n<li>Nous vous mettons \u00e0 disposition des places pour stationner avec votre camping-car.<\/li>\n\n\n\n<li>Vous aurez \u00e0 disposition de quoi vous raccorder \u00e9lectriquement, eau et aire de vidange, ainsi qu&#8217;une connexion internet.<\/li>\n<\/ul>\n\n\n\n<p><\/p>\n\n\n\n<h4 class=\"wp-block-heading has-text-align-center\">Laura et Christophe vous accueil :<\/h4>\n\n\n\n<p class=\"has-text-align-left\"><br>Venez sur ce terrain de 4 ha de cette ancien moulin au milieu des noyers.<br>Vous pourrez vous ressourcer avec le bruit de l\u2019eau de l&#8217;Adour et loin de l\u2019agitation.<br>Nous serons ravis de vous accueillir pour faire profiter de cette environnement reposant.<br>L\u2019id\u00e9e dans le temps et de cr\u00e9er des espaces conviviaux o\u00f9 vous pourrez vous retrouver \u00e0 la cuisine d\u2019\u00e9t\u00e9, autour d\u2019un feu de camp, se pr\u00e9lassant au bassin plage pour se rafra\u00eechir ou se d\u00e9tendre simplement.<br>Un concept d\u2019h\u00e9bergement familial \u00e0 la maison.<br>Vos animaux sont les bienvenues.<br>Nous proposons un tarif d\u00e9gressif selon la dur\u00e9e de votre h\u00e9bergement.<\/p>\n\n\n\n<p class=\"has-text-align-center\"><a href=\"https:\/\/shop.lccampingcar.fr:8070\" target=\"_blank\" rel=\"noreferrer noopener\">Lien de r\u00e9servation en ligne : cliquer ici<\/a><\/p>\n","protected":false},"excerpt":{"rendered":"<p>Votre h\u00e9bergement Laura et Christophe vous accueil : Venez sur ce terrain de 4 ha de cette ancien moulin au milieu des noyers.Vous pourrez vous ressourcer avec le bruit de l\u2019eau de l&#8217;Adour et loin de l\u2019agitation.Nous serons ravis de vous accueillir pour faire profiter de cette environnement reposant.L\u2019id\u00e9e dans le temps et de cr\u00e9er [&hellip;]<\/p>\n","protected":false},"author":1,"featured_media":0,"parent":2,"menu_order":0,"comment_status":"closed","ping_status":"closed","template":"","meta":{"footnotes":""},"class_list":["post-37","page","type-page","status-publish","hentry"],"_links":{"self":[{"href":"https:\/\/lccampingcar.fr\/index.php\/wp-json\/wp\/v2\/pages\/37","targetHints":{"allow":["GET"]}}],"collection":[{"href":"https:\/\/lccampingcar.fr\/index.php\/wp-json\/wp\/v2\/pages"}],"about":[{"href":"https:\/\/lccampingcar.fr\/index.php\/wp-json\/wp\/v2\/types\/page"}],"author":[{"embeddable":true,"href":"https:\/\/lccampingcar.fr\/index.php\/wp-json\/wp\/v2\/users\/1"}],"replies":[{"embeddable":true,"href":"https:\/\/lccampingcar.fr\/index.php\/wp-json\/wp\/v2\/comments?post=37"}],"version-history":[{"count":9,"href":"https:\/\/lccampingcar.fr\/index.php\/wp-json\/wp\/v2\/pages\/37\/revisions"}],"predecessor-version":[{"id":54,"href":"https:\/\/lccampingcar.fr\/index.php\/wp-json\/wp\/v2\/pages\/37\/revisions\/54"}],"up":[{"embeddable":true,"href":"https:\/\/lccampingcar.fr\/index.php\/wp-json\/wp\/v2\/pages\/2"}],"wp:attachment":[{"href":"https:\/\/lccampingcar.fr\/index.php\/wp-json\/wp\/v2\/media?parent=37"}],"curies":[{"name":"wp","href":"https:\/\/api.w.org\/{rel}","templated":true}]}}